{"id":581,"date":"2018-11-06T15:28:49","date_gmt":"2018-11-06T15:28:49","guid":{"rendered":"http:\/\/mieldegalicia.org\/2018\/?page_id=581"},"modified":"2024-10-07T11:12:54","modified_gmt":"2024-10-07T11:12:54","slug":"inicio","status":"publish","type":"page","link":"https:\/\/mieldegalicia.org\/2018\/gl\/inicio\/","title":{"rendered":"Inicio"},"content":{"rendered":"<p>[et_pb_section fb_built=&#8221;1&#8243; fullwidth=&#8221;on&#8221; disabled_on=&#8221;on|on|off&#8221; module_id=&#8221; top-slider-11&#8243; _builder_version=&#8221;4.5.3&#8243;][et_pb_fullwidth_slider _builder_version=&#8221;4.5.3&#8243; button_text_size__hover_enabled=&#8221;off&#8221; button_one_text_size__hover_enabled=&#8221;off&#8221; button_two_text_size__hover_enabled=&#8221;off&#8221; button_text_color__hover_enabled=&#8221;off&#8221; button_one_text_color__hover_enabled=&#8221;off&#8221; button_two_text_color__hover_enabled=&#8221;off&#8221; button_border_width__hover_enabled=&#8221;off&#8221; button_one_border_width__hover_enabled=&#8221;off&#8221; button_two_border_width__hover_enabled=&#8221;off&#8221; button_border_color__hover_enabled=&#8221;off&#8221; button_one_border_color__hover_enabled=&#8221;off&#8221; button_two_border_color__hover_enabled=&#8221;off&#8221; button_border_radius__hover_enabled=&#8221;off&#8221; button_one_border_radius__hover_enabled=&#8221;off&#8221; button_two_border_radius__hover_enabled=&#8221;off&#8221; button_letter_spacing__hover_enabled=&#8221;off&#8221; button_one_letter_spacing__hover_enabled=&#8221;off&#8221; button_two_letter_spacing__hover_enabled=&#8221;off&#8221; button_bg_color__hover_enabled=&#8221;off&#8221; button_one_bg_color__hover_enabled=&#8221;off&#8221; button_two_bg_color__hover_enabled=&#8221;off&#8221;][et_pb_slide use_bg_overlay=&#8221;off&#8221; use_text_overlay=&#8221;off&#8221; _builder_version=&#8221;4.5.3&#8243; background_color=&#8221;rgba(255,255,255,0)&#8221; background_image=&#8221;https:\/\/mieldegalicia.org\/2018\/wp-content\/uploads\/2022\/05\/desktop2022-1.jpg&#8221; background_enable_image=&#8221;on&#8221; button_on_hover=&#8221;on&#8221; button_text_size__hover_enabled=&#8221;off&#8221; button_one_text_size__hover_enabled=&#8221;off&#8221; button_two_text_size__hover_enabled=&#8221;off&#8221; button_text_color__hover_enabled=&#8221;off&#8221; button_one_text_color__hover_enabled=&#8221;off&#8221; button_two_text_color__hover_enabled=&#8221;off&#8221; button_border_width__hover_enabled=&#8221;off&#8221; button_one_border_width__hover_enabled=&#8221;off&#8221; button_two_border_width__hover_enabled=&#8221;off&#8221; button_border_color__hover_enabled=&#8221;off&#8221; button_one_border_color__hover_enabled=&#8221;off&#8221; button_two_border_color__hover_enabled=&#8221;off&#8221; button_border_radius__hover_enabled=&#8221;off&#8221; button_one_border_radius__hover_enabled=&#8221;off&#8221; button_two_border_radius__hover_enabled=&#8221;off&#8221; button_letter_spacing__hover_enabled=&#8221;off&#8221; button_one_letter_spacing__hover_enabled=&#8221;off&#8221; button_two_letter_spacing__hover_enabled=&#8221;off&#8221; button_bg_color__hover_enabled=&#8221;off&#8221; button_one_bg_color__hover_enabled=&#8221;off&#8221; button_two_bg_color__hover_enabled=&#8221;off&#8221;][\/et_pb_slide][\/et_pb_fullwidth_slider][\/et_pb_section][et_pb_section fb_built=&#8221;1&#8243; fullwidth=&#8221;on&#8221; disabled_on=&#8221;off|off|on&#8221; module_id=&#8221; top-slider-11&#8243; _builder_version=&#8221;4.5.3&#8243;][et_pb_fullwidth_slider _builder_version=&#8221;4.5.3&#8243; content_width=&#8221;90%&#8221; button_text_size__hover_enabled=&#8221;off&#8221; button_one_text_size__hover_enabled=&#8221;off&#8221; button_two_text_size__hover_enabled=&#8221;off&#8221; button_text_color__hover_enabled=&#8221;off&#8221; button_one_text_color__hover_enabled=&#8221;off&#8221; button_two_text_color__hover_enabled=&#8221;off&#8221; button_border_width__hover_enabled=&#8221;off&#8221; button_one_border_width__hover_enabled=&#8221;off&#8221; button_two_border_width__hover_enabled=&#8221;off&#8221; button_border_color__hover_enabled=&#8221;off&#8221; button_one_border_color__hover_enabled=&#8221;off&#8221; button_two_border_color__hover_enabled=&#8221;off&#8221; button_border_radius__hover_enabled=&#8221;off&#8221; button_one_border_radius__hover_enabled=&#8221;off&#8221; button_two_border_radius__hover_enabled=&#8221;off&#8221; button_letter_spacing__hover_enabled=&#8221;off&#8221; button_one_letter_spacing__hover_enabled=&#8221;off&#8221; button_two_letter_spacing__hover_enabled=&#8221;off&#8221; button_bg_color__hover_enabled=&#8221;off&#8221; button_one_bg_color__hover_enabled=&#8221;off&#8221; button_two_bg_color__hover_enabled=&#8221;off&#8221;][et_pb_slide use_bg_overlay=&#8221;off&#8221; use_text_overlay=&#8221;off&#8221; _builder_version=&#8221;4.5.3&#8243; background_color=&#8221;rgba(255,255,255,0)&#8221; background_image=&#8221;https:\/\/mieldegalicia.org\/2018\/wp-content\/uploads\/2022\/05\/textura-1.jpg&#8221; background_enable_image=&#8221;on&#8221; background_repeat=&#8221;repeat&#8221; button_on_hover=&#8221;on&#8221; button_text_size__hover_enabled=&#8221;off&#8221; button_one_text_size__hover_enabled=&#8221;off&#8221; button_two_text_size__hover_enabled=&#8221;off&#8221; button_text_color__hover_enabled=&#8221;off&#8221; button_one_text_color__hover_enabled=&#8221;off&#8221; button_two_text_color__hover_enabled=&#8221;off&#8221; button_border_width__hover_enabled=&#8221;off&#8221; button_one_border_width__hover_enabled=&#8221;off&#8221; button_two_border_width__hover_enabled=&#8221;off&#8221; button_border_color__hover_enabled=&#8221;off&#8221; button_one_border_color__hover_enabled=&#8221;off&#8221; button_two_border_color__hover_enabled=&#8221;off&#8221; button_border_radius__hover_enabled=&#8221;off&#8221; button_one_border_radius__hover_enabled=&#8221;off&#8221; button_two_border_radius__hover_enabled=&#8221;off&#8221; button_letter_spacing__hover_enabled=&#8221;off&#8221; button_one_letter_spacing__hover_enabled=&#8221;off&#8221; button_two_letter_spacing__hover_enabled=&#8221;off&#8221; button_bg_color__hover_enabled=&#8221;off&#8221; button_one_bg_color__hover_enabled=&#8221;off&#8221; button_two_bg_color__hover_enabled=&#8221;off&#8221;]<\/p>\n<p><img loading=\"lazy\" class=\"aligncenter wp-image-1094 size-full\" src=\"https:\/\/mieldegalicia.org\/2018\/wp-content\/uploads\/2022\/05\/Melucha-sin-fondo-1.png\" alt=\"\" width=\"869\" height=\"644\" srcset=\"https:\/\/mieldegalicia.org\/2018\/wp-content\/uploads\/2022\/05\/Melucha-sin-fondo-1.png 869w, https:\/\/mieldegalicia.org\/2018\/wp-content\/uploads\/2022\/05\/Melucha-sin-fondo-1-480x356.png 480w\" sizes=\"(min-width: 0px) and (max-width: 480px) 480px, (min-width: 481px) 869px, 100vw\" \/><\/p>\n<p><img loading=\"lazy\" class=\"aligncenter wp-image-1096 size-full\" src=\"https:\/\/mieldegalicia.org\/2018\/wp-content\/uploads\/2022\/05\/TarroMIEL_OK-1.png\" alt=\"\" width=\"690\" height=\"711\" srcset=\"https:\/\/mieldegalicia.org\/2018\/wp-content\/uploads\/2022\/05\/TarroMIEL_OK-1.png 690w, https:\/\/mieldegalicia.org\/2018\/wp-content\/uploads\/2022\/05\/TarroMIEL_OK-1-480x495.png 480w\" sizes=\"(min-width: 0px) and (max-width: 480px) 480px, (min-width: 481px) 690px, 100vw\" \/><\/p>\n<p><img loading=\"lazy\" class=\"aligncenter wp-image-1097 size-full\" src=\"https:\/\/mieldegalicia.org\/2018\/wp-content\/uploads\/2022\/05\/logos-1.png\" alt=\"\" width=\"1194\" height=\"127\" srcset=\"https:\/\/mieldegalicia.org\/2018\/wp-content\/uploads\/2022\/05\/logos-1.png 1194w, https:\/\/mieldegalicia.org\/2018\/wp-content\/uploads\/2022\/05\/logos-1-980x104.png 980w, https:\/\/mieldegalicia.org\/2018\/wp-content\/uploads\/2022\/05\/logos-1-480x51.png 480w\" sizes=\"(min-width: 0px) and (max-width: 480px) 480px, (min-width: 481px) and (max-width: 980px) 980px, (min-width: 981px) 1194px, 100vw\" \/><\/p>\n<p>[\/et_pb_slide][\/et_pb_fullwidth_slider][\/et_pb_section][et_pb_section fb_built=&#8221;1&#8243; _builder_version=&#8221;3.22&#8243; background_color=&#8221;#fffdf6&#8243;][et_pb_row column_structure=&#8221;1_2,1_2&#8243; _builder_version=&#8221;3.25&#8243;][et_pb_column type=&#8221;1_2&#8243; _builder_version=&#8221;3.25&#8243; custom_padding=&#8221;|||&#8221; custom_padding__hover=&#8221;|||&#8221;][et_pb_text _builder_version=&#8221;3.27.4&#8243; text_font=&#8221;||||||||&#8221; text_line_height=&#8221;3em&#8221; header_font=&#8221;||||||||&#8221; custom_margin=&#8221;0px|||&#8221; custom_padding=&#8221;43px|65px||&#8221;]<\/p>\n<h1><\/h1>\n<h1><\/h1>\n<h1 style=\"text-align: center;\">O Mel de Galicia<\/h1>\n<p><span style=\"font-size: large;\">O mel de Galicia \u00e9 un produto natural e fresco que foi recollido durante centos de anos. O coidado e atenci\u00f3n que se pon na s\u00faa elaboraci\u00f3n permiten que o mel conserve todas as s\u00faas propiedades xenu\u00ednas.<\/span><\/p>\n<p>[\/et_pb_text][\/et_pb_column][et_pb_column type=&#8221;1_2&#8243; _builder_version=&#8221;3.25&#8243; custom_padding=&#8221;|||&#8221; custom_padding__hover=&#8221;|||&#8221;][et_pb_image src=&#8221;https:\/\/mieldegalicia.org\/2018\/wp-content\/uploads\/2018\/08\/bote_miel.png&#8221; align_tablet=&#8221;center&#8221; align_phone=&#8221;&#8221; align_last_edited=&#8221;on|desktop&#8221; _builder_version=&#8221;3.23&#8243;]&nbsp;<br \/>\n[\/et_pb_image][\/et_pb_column][\/et_pb_row][et_pb_row _builder_version=&#8221;3.25&#8243;][et_pb_column type=&#8221;4_4&#8243; _builder_version=&#8221;3.25&#8243; custom_padding=&#8221;|||&#8221; custom_padding__hover=&#8221;|||&#8221;][et_pb_text _builder_version=&#8221;3.27.4&#8243;]<\/p>\n<h1 class=\"h1-decorador\" style=\"text-align: center;\"><em>DESTACADOS<\/em><\/h1>\n<p>[\/et_pb_text][et_pb_divider color=&#8221;#cca649&#8243; _builder_version=&#8221;3.13&#8243;]&nbsp;<br \/>\n[\/et_pb_divider][\/et_pb_column][\/et_pb_row][et_pb_row column_structure=&#8221;1_3,1_3,1_3&#8243; _builder_version=&#8221;3.25&#8243;][et_pb_column type=&#8221;1_3&#8243; _builder_version=&#8221;3.25&#8243; custom_padding=&#8221;|||&#8221; custom_padding__hover=&#8221;|||&#8221;][et_pb_image src=&#8221;https:\/\/mieldegalicia.org\/2018\/wp-content\/uploads\/2018\/09\/destacado1.png&#8221; align_tablet=&#8221;center&#8221; align_phone=&#8221;&#8221; align_last_edited=&#8221;on|desktop&#8221; _builder_version=&#8221;4.5.3&#8243; hover_enabled=&#8221;0&#8243; height=&#8221;200px&#8221;]&nbsp;<br \/>\n[\/et_pb_image][et_pb_text _builder_version=&#8221;3.27.4&#8243;]<\/p>\n<h1>\u00bfC\u00f3mo se reco\u00f1ece <br \/>o Mel de Galicia?<\/h1>\n<p>[\/et_pb_text][et_pb_divider color=&#8221;#cca649&#8243; _builder_version=&#8221;3.13&#8243; max_width=&#8221;70%&#8221; custom_margin=&#8221;-25px|||&#8221;]&nbsp;<br \/>\n[\/et_pb_divider][et_pb_text _builder_version=&#8221;3.27.4&#8243; custom_margin=&#8221;-25px|||&#8221;]<\/p>\n<p><a href=\"https:\/\/mieldegalicia.org\/2018\/gl\/noso-mel\"><span class=\"enlace_destacado\">ler m\u00e1is<\/span><\/a><\/p>\n<p>[\/et_pb_text][\/et_pb_column][et_pb_column type=&#8221;1_3&#8243; _builder_version=&#8221;3.25&#8243; custom_padding=&#8221;|||&#8221; custom_padding__hover=&#8221;|||&#8221;][et_pb_image src=&#8221;https:\/\/mieldegalicia.org\/2018\/wp-content\/uploads\/2022\/11\/destacado3.jpg&#8221; title_text=&#8221;destacado3&#8243; align_tablet=&#8221;center&#8221; align_phone=&#8221;&#8221; align_last_edited=&#8221;on|desktop&#8221; _builder_version=&#8221;4.5.3&#8243; hover_enabled=&#8221;0&#8243; max_height=&#8221;250px&#8221; height=&#8221;200px&#8221;]&nbsp;<br \/>\n[\/et_pb_image][et_pb_text _builder_version=&#8221;4.5.3&#8243;]<\/p>\n<h1>Proxecto: Mellora da sostenibilidade ap\u00edcola mediante o uso de novas tecnolox\u00edas e a conservaci\u00f3n da abella local ap\u00edcola<\/h1>\n<p>[\/et_pb_text][et_pb_divider color=&#8221;#cca649&#8243; _builder_version=&#8221;4.5.3&#8243; max_width=&#8221;70%&#8221; custom_margin=&#8221;-25px|||&#8221;]&nbsp;<br \/>\n[\/et_pb_divider][et_pb_text _builder_version=&#8221;4.5.3&#8243; custom_margin=&#8221;-25px|||&#8221;]<\/p>\n<p><a href=\"https:\/\/mieldegalicia.org\/2018\/wp-content\/uploads\/2024\/10\/RESUMO-MELLORA-DA-SOSTENIBILIDADE-API\u0301COLA-MEDIANTE-O-USO-DE-NOVAS-TECNOLOXI\u0301AS.pdf\"><span class=\"enlace_destacado\">ler m\u00e1is<\/span><\/a><\/p>\n<p>[\/et_pb_text][\/et_pb_column][et_pb_column type=&#8221;1_3&#8243; _builder_version=&#8221;3.25&#8243; custom_padding=&#8221;|||&#8221; custom_padding__hover=&#8221;|||&#8221;][et_pb_image src=&#8221;https:\/\/mieldegalicia.org\/2018\/wp-content\/uploads\/2024\/10\/Captura-de-pantalla-2024-10-07-a-las-12.58.55.png&#8221; title_text=&#8221;Captura de pantalla 2024-10-07 a las 12.58.55&#8243; align_tablet=&#8221;center&#8221; align_phone=&#8221;&#8221; align_last_edited=&#8221;on|desktop&#8221; _builder_version=&#8221;4.5.3&#8243; hover_enabled=&#8221;0&#8243; max_height=&#8221;250px&#8221; height=&#8221;200px&#8221;]&nbsp;<br \/>\n[\/et_pb_image][et_pb_text _builder_version=&#8221;4.5.3&#8243; hover_enabled=&#8221;0&#8243;]<\/p>\n<h1><span>Grupo Operativo APICONECTA: Tecendo Conexi\u00f3ns Dixitais para Fortalecer a Apicultura.<\/span><\/h1>\n<p>[\/et_pb_text][et_pb_divider color=&#8221;#cca649&#8243; _builder_version=&#8221;3.13&#8243; max_width=&#8221;70%&#8221; custom_margin=&#8221;-25px|||&#8221;]&nbsp;<br \/>\n[\/et_pb_divider][et_pb_text _builder_version=&#8221;4.5.3&#8243; custom_margin=&#8221;-25px|||&#8221; link_option_url=&#8221;https:\/\/mieldegalicia.org\/2018\/wp-content\/uploads\/2022\/11\/PROXECTO-apicultura-sustentable.pdf&#8221; link_option_url_new_window=&#8221;on&#8221; hover_enabled=&#8221;0&#8243;]<\/p>\n<p><a href=\"https:\/\/mieldegalicia.org\/2018\/wp-content\/uploads\/2024\/10\/Infografi\u0301a-ApiConecta.pdf\">Ver Infograf\u00eda<\/a><\/p>\n<p><a href=\"https:\/\/mieldegalicia.org\/2018\/wp-content\/uploads\/2024\/10\/RESUMO-PROXECTO-APICONECTA.pdf\">Leer m\u00e1is<\/a><\/p>\n<p>[\/et_pb_text][\/et_pb_column][\/et_pb_row][et_pb_row _builder_version=&#8221;3.25&#8243;][et_pb_column type=&#8221;4_4&#8243; _builder_version=&#8221;3.25&#8243; custom_padding=&#8221;|||&#8221; custom_padding__hover=&#8221;|||&#8221;][et_pb_divider color=&#8221;#cca649&#8243; _builder_version=&#8221;3.13&#8243;]&nbsp;<br \/>\n[\/et_pb_divider][\/et_pb_column][\/et_pb_row][et_pb_row column_structure=&#8221;3_5,2_5&#8243; _builder_version=&#8221;3.25&#8243;][et_pb_column type=&#8221;3_5&#8243; _builder_version=&#8221;3.25&#8243; custom_padding=&#8221;|||&#8221; custom_padding__hover=&#8221;|||&#8221;][et_pb_image src=&#8221;https:\/\/mieldegalicia.org\/2018\/wp-content\/uploads\/2018\/08\/imagen_miel2.png&#8221; align_tablet=&#8221;center&#8221; align_phone=&#8221;&#8221; align_last_edited=&#8221;on|desktop&#8221; _builder_version=&#8221;3.23&#8243;]&nbsp;<br \/>\n[\/et_pb_image][\/et_pb_column][et_pb_column type=&#8221;2_5&#8243; _builder_version=&#8221;3.25&#8243; custom_padding=&#8221;|||&#8221; custom_padding__hover=&#8221;|||&#8221;][et_pb_text _builder_version=&#8221;3.27.4&#8243;]<\/p>\n<h1 class=\"h2_cocina_home\" style=\"text-align: center;\">Coci\u00f1a con Mel de Galicia<\/h1>\n<p>[\/et_pb_text][et_pb_image src=&#8221;https:\/\/mieldegalicia.org\/2018\/wp-content\/uploads\/2018\/08\/recetas.png&#8221; align=&#8221;center&#8221; align_tablet=&#8221;center&#8221; align_phone=&#8221;&#8221; align_last_edited=&#8221;on|desktop&#8221; _builder_version=&#8221;3.23&#8243; custom_margin=&#8221;||||false&#8221; custom_padding=&#8221;30px||20px|&#8221;]&nbsp;<br \/>\n[\/et_pb_image][et_pb_button button_url=&#8221;https:\/\/mieldegalicia.org\/2018\/gl\/proximamente-gl&#8221; button_text=&#8221;Ver todas as recetas&#8221; button_alignment=&#8221;center&#8221; module_class=&#8221;boton_home&#8221; _builder_version=&#8221;3.16&#8243; custom_padding=&#8221;|55px||55px||true&#8221; button_text_size__hover_enabled=&#8221;off&#8221; button_one_text_size__hover_enabled=&#8221;off&#8221; button_two_text_size__hover_enabled=&#8221;off&#8221; button_text_color__hover_enabled=&#8221;off&#8221; button_one_text_color__hover_enabled=&#8221;off&#8221; button_two_text_color__hover_enabled=&#8221;off&#8221; button_border_width__hover_enabled=&#8221;off&#8221; button_one_border_width__hover_enabled=&#8221;off&#8221; button_two_border_width__hover_enabled=&#8221;off&#8221; button_border_color__hover_enabled=&#8221;off&#8221; button_one_border_color__hover_enabled=&#8221;off&#8221; button_two_border_color__hover_enabled=&#8221;off&#8221; button_border_radius__hover_enabled=&#8221;off&#8221; button_one_border_radius__hover_enabled=&#8221;off&#8221; button_two_border_radius__hover_enabled=&#8221;off&#8221; button_letter_spacing__hover_enabled=&#8221;off&#8221; button_one_letter_spacing__hover_enabled=&#8221;off&#8221; button_two_letter_spacing__hover_enabled=&#8221;off&#8221; button_bg_color__hover_enabled=&#8221;off&#8221; button_one_bg_color__hover_enabled=&#8221;off&#8221; button_two_bg_color__hover_enabled=&#8221;off&#8221;]&nbsp;<br \/>\n[\/et_pb_button][\/et_pb_column][\/et_pb_row][\/et_pb_section]<\/p>\n","protected":false},"excerpt":{"rendered":"<p>[et_pb_section fb_built=&#8221;1&#8243; fullwidth=&#8221;on&#8221; disabled_on=&#8221;on|on|off&#8221; module_id=&#8221; top-slider-11&#8243; _builder_version=&#8221;4.5.3&#8243;][et_pb_fullwidth_slider _builder_version=&#8221;4.5.3&#8243; button_text_size__hover_enabled=&#8221;off&#8221; button_one_text_size__hover_enabled=&#8221;off&#8221; button_two_text_size__hover_enabled=&#8221;off&#8221; button_text_color__hover_enabled=&#8221;off&#8221; button_one_text_color__hover_enabled=&#8221;off&#8221; button_two_text_color__hover_enabled=&#8221;off&#8221; button_border_width__hover_enabled=&#8221;off&#8221; button_one_border_width__hover_enabled=&#8221;off&#8221; button_two_border_width__hover_enabled=&#8221;off&#8221; button_border_color__hover_enabled=&#8221;off&#8221; button_one_border_color__hover_enabled=&#8221;off&#8221; button_two_border_color__hover_enabled=&#8221;off&#8221; button_border_radius__hover_enabled=&#8221;off&#8221; button_one_border_radius__hover_enabled=&#8221;off&#8221; button_two_border_radius__hover_enabled=&#8221;off&#8221; button_letter_spacing__hover_enabled=&#8221;off&#8221; button_one_letter_spacing__hover_enabled=&#8221;off&#8221; button_two_letter_spacing__hover_enabled=&#8221;off&#8221; button_bg_color__hover_enabled=&#8221;off&#8221; button_one_bg_color__hover_enabled=&#8221;off&#8221; button_two_bg_color__hover_enabled=&#8221;off&#8221;][et_pb_slide use_bg_overlay=&#8221;off&#8221; use_text_overlay=&#8221;off&#8221; _builder_version=&#8221;4.5.3&#8243; background_color=&#8221;rgba(255,255,255,0)&#8221; background_image=&#8221;https:\/\/mieldegalicia.org\/2018\/wp-content\/uploads\/2022\/05\/desktop2022-1.jpg&#8221; background_enable_image=&#8221;on&#8221; button_on_hover=&#8221;on&#8221; button_text_size__hover_enabled=&#8221;off&#8221; button_one_text_size__hover_enabled=&#8221;off&#8221; button_two_text_size__hover_enabled=&#8221;off&#8221; button_text_color__hover_enabled=&#8221;off&#8221; button_one_text_color__hover_enabled=&#8221;off&#8221; button_two_text_color__hover_enabled=&#8221;off&#8221; button_border_width__hover_enabled=&#8221;off&#8221; button_one_border_width__hover_enabled=&#8221;off&#8221; button_two_border_width__hover_enabled=&#8221;off&#8221; button_border_color__hover_enabled=&#8221;off&#8221; button_one_border_color__hover_enabled=&#8221;off&#8221; button_two_border_color__hover_enabled=&#8221;off&#8221; button_border_radius__hover_enabled=&#8221;off&#8221; button_one_border_radius__hover_enabled=&#8221;off&#8221; button_two_border_radius__hover_enabled=&#8221;off&#8221; button_letter_spacing__hover_enabled=&#8221;off&#8221; button_one_letter_spacing__hover_enabled=&#8221;off&#8221; button_two_letter_spacing__hover_enabled=&#8221;off&#8221; button_bg_color__hover_enabled=&#8221;off&#8221; [&hellip;]<\/p>\n","protected":false},"author":1,"featured_media":0,"parent":0,"menu_order":0,"comment_status":"closed","ping_status":"closed","template":"","meta":{"_et_pb_use_builder":"on","_et_pb_old_content":"","_et_gb_content_width":""},"_links":{"self":[{"href":"https:\/\/mieldegalicia.org\/2018\/wp-json\/wp\/v2\/pages\/581"}],"collection":[{"href":"https:\/\/mieldegalicia.org\/2018\/wp-json\/wp\/v2\/pages"}],"about":[{"href":"https:\/\/mieldegalicia.org\/2018\/wp-json\/wp\/v2\/types\/page"}],"author":[{"embeddable":true,"href":"https:\/\/mieldegalicia.org\/2018\/wp-json\/wp\/v2\/users\/1"}],"replies":[{"embeddable":true,"href":"https:\/\/mieldegalicia.org\/2018\/wp-json\/wp\/v2\/comments?post=581"}],"version-history":[{"count":29,"href":"https:\/\/mieldegalicia.org\/2018\/wp-json\/wp\/v2\/pages\/581\/revisions"}],"predecessor-version":[{"id":1284,"href":"https:\/\/mieldegalicia.org\/2018\/wp-json\/wp\/v2\/pages\/581\/revisions\/1284"}],"wp:attachment":[{"href":"https:\/\/mieldegalicia.org\/2018\/wp-json\/wp\/v2\/media?parent=581"}],"curies":[{"name":"wp","href":"https:\/\/api.w.org\/{rel}","templated":true}]}}