{"id":439,"date":"2018-09-06T10:09:05","date_gmt":"2018-09-06T10:09:05","guid":{"rendered":"http:\/\/mieldegalicia.org\/2018\/?page_id=439"},"modified":"2021-03-11T10:27:14","modified_gmt":"2021-03-11T10:27:14","slug":"beneficios","status":"publish","type":"page","link":"https:\/\/mieldegalicia.org\/2018\/gl\/beneficios\/","title":{"rendered":"Beneficios"},"content":{"rendered":"<p>[et_pb_section fb_built=&#8221;1&#8243; fullwidth=&#8221;on&#8221; module_id=&#8221; top-slider-inner&#8221; _builder_version=&#8221;3.13&#8243;][et_pb_fullwidth_slider module_id=&#8221;slider-inner&#8221; _builder_version=&#8221;3.13&#8243;][et_pb_slide use_bg_overlay=&#8221;off&#8221; use_text_overlay=&#8221;off&#8221; _builder_version=&#8221;3.13&#8243; background_color=&#8221;#ffffff&#8221; background_image=&#8221;https:\/\/mieldegalicia.org\/2018\/wp-content\/uploads\/2018\/09\/slider_nuestra_miel.png&#8221; button_on_hover=&#8221;on&#8221;][\/et_pb_slide][\/et_pb_fullwidth_slider][et_pb_fullwidth_code _builder_version=&#8221;3.13&#8243;]&lt;a class=&#8221;logo-inner&#8221; href=&#8221;https:\/\/mieldegalicia.org\/2018&#8243;&gt;&lt;img src=&#8221;https:\/\/mieldegalicia.org\/2018\/wp-content\/uploads\/2018\/09\/logo.png&#8221;&gt;&lt;\/a&gt;[\/et_pb_fullwidth_code][\/et_pb_section][et_pb_section fb_built=&#8221;1&#8243; _builder_version=&#8221;3.13&#8243; background_color=&#8221;#fffdf6&#8243;][et_pb_row custom_margin=&#8221;-30px|||&#8221; _builder_version=&#8221;3.13&#8243;][et_pb_column type=&#8221;4_4&#8243; _builder_version=&#8221;3.13&#8243; parallax=&#8221;off&#8221; parallax_method=&#8221;on&#8221;][et_pb_text disabled_on=&#8221;on|off|off&#8221; _builder_version=&#8221;3.13&#8243; text_font=&#8221;||||||||&#8221; text_font_size=&#8221;21px&#8221;]<a href=\"https:\/\/mieldegalicia.org\/2018\/nuestra-miel\/\">Nuestra Miel<\/a>\u00a0\u00a0\u00a0\u00a0 <a href=\"https:\/\/mieldegalicia.org\/2018\/tipos-de-miel\">Tipos de Miel<\/a>\u00a0\u00a0\u00a0\u00a0 <a style=\"color: #767676;\" href=\"https:\/\/mieldegalicia.org\/2018\/beneficios\">Beneficios<\/a>[\/et_pb_text][\/et_pb_column][\/et_pb_row][et_pb_row custom_margin=&#8221;-30px|||&#8221; _builder_version=&#8221;3.13&#8243;][et_pb_column type=&#8221;4_4&#8243; _builder_version=&#8221;3.0.47&#8243; parallax=&#8221;off&#8221; parallax_method=&#8221;on&#8221;][et_pb_divider color=&#8221;#cca649&#8243; _builder_version=&#8221;3.13&#8243;]<br \/>\n[\/et_pb_divider][\/et_pb_column][\/et_pb_row][et_pb_row custom_padding=&#8221;|1px||&#8221; custom_padding_phone=&#8221;|0px||&#8221; custom_margin=&#8221;|1px||&#8221; custom_padding_last_edited=&#8221;on|phone&#8221; _builder_version=&#8221;3.13&#8243; background_image=&#8221;https:\/\/mieldegalicia.org\/2018\/wp-content\/uploads\/2018\/09\/bg_beneficios.png&#8221; background_size=&#8221;contain&#8221; background_position=&#8221;center_right&#8221;][et_pb_column type=&#8221;4_4&#8243; _builder_version=&#8221;3.13&#8243; parallax=&#8221;off&#8221; parallax_method=&#8221;on&#8221;][et_pb_text _builder_version=&#8221;3.13&#8243;]<\/p>\n<h1 class=\"h1-decorador\"><em>Beneficios<\/em><\/h1>\n<p>[\/et_pb_text][et_pb_text _builder_version=&#8221;3.13&#8243; text_font=&#8221;||||||||&#8221; text_line_height=&#8221;2.4em&#8221; custom_margin=&#8221;|0px||&#8221; custom_padding=&#8221;|250px||&#8221; custom_padding_phone=&#8221;|0px||&#8221; custom_padding_last_edited=&#8221;on|phone&#8221;]<\/p>\n<p><span style=\"font-size: large;\">La miel es un producto muy nutritivo y con importantes caracter\u00edsticas terap\u00e9uticas. Aporta al organismo az\u00facares simples de f\u00e1cil asimilaci\u00f3n, prote\u00ednas con una buena parte de amino\u00e1cidos esenciales, oligoelementos (como el f\u00f3sforo, el sodio, el potasio o el hierro) y vitaminas. Su capacidad energ\u00e9tica es bien conocida. La miel es un alimento completo que proporciona una resistencia mayor en casos de cansancio, e desde el punto de vista terap\u00e9utico <span style=\"font-size: x-large; color: #cca649;\">mejora las afecciones respiratorias, digestivas, v\u00edas urinarias<\/span>&#8230; Presenta propiedades antis\u00e9pticas y sedativas que mejoran y cicatrizan las heridas y la regeneraci\u00f3n de la piel, por lo que es com\u00fan su uso como cosm\u00e9ticos.<\/span><\/p>\n<p><span style=\"font-size: large;\">Entre las conclusiones del estudio<span style=\"font-size: x-large; color: #cca649;\"> <span style=\"color: #ff9900;\">\u201c<a style=\"color: #ff9900;\" href=\"https:\/\/mieldegalicia.org\/2018\/wp-content\/uploads\/2021\/01\/LA-MIEL-ORO-DULCE-DE-LA-NATURALEZ.pdf\" target=\"_blank\" rel=\"noopener noreferrer\">Puesta en valor de la miel: etiquetado nutricional<\/a><\/span><span style=\"color: #ffcc00;\">\u201d,<\/span> financiado por la Conseller\u00eda do Medio Rural, Ministerio de Medio, Medio Rural e Mari\u00f1o e Feader<\/span>, podemos decir que la Miel de Galicia destaca por poseer un contenido mineral y una riqueza en vitamina C claramente superior a los valores de referencia y un contenido antioxidante a destacar.<br \/>\n<\/span><\/p>\n<p>[\/et_pb_text][\/et_pb_column][\/et_pb_row][et_pb_row _builder_version=&#8221;3.13&#8243;][et_pb_column type=&#8221;4_4&#8243; _builder_version=&#8221;3.13&#8243; parallax=&#8221;off&#8221; parallax_method=&#8221;on&#8221;][et_pb_divider divider_style=&#8221;dotted&#8221; _builder_version=&#8221;3.13&#8243; max_width=&#8221;70%&#8221; module_alignment=&#8221;center&#8221;][\/et_pb_divider][\/et_pb_column][\/et_pb_row][et_pb_row custom_padding=&#8221;|1px||&#8221; custom_padding_phone=&#8221;|0px||&#8221; custom_margin=&#8221;|1px||&#8221; custom_padding_last_edited=&#8221;on|phone&#8221; _builder_version=&#8221;3.13&#8243; background_size=&#8221;contain&#8221; background_position=&#8221;center_right&#8221;][et_pb_column type=&#8221;4_4&#8243; _builder_version=&#8221;3.13&#8243; parallax=&#8221;off&#8221; parallax_method=&#8221;on&#8221;][et_pb_text _builder_version=&#8221;3.13&#8243;]<\/p>\n<h1 class=\"h1-decorador\"><em>Programa de control<\/em><\/h1>\n<p>[\/et_pb_text][et_pb_text _builder_version=&#8221;3.13&#8243; text_font=&#8221;||||||||&#8221; text_line_height=&#8221;2.4em&#8221; custom_margin=&#8221;|0px||&#8221; custom_padding=&#8221;|250px||&#8221; custom_padding_phone=&#8221;|0px||&#8221; custom_padding_last_edited=&#8221;on|phone&#8221;]<\/p>\n<p><span style=\"font-size: large;\">El 27 de noviembre de 2015 en reuni\u00f3n de la comisi\u00f3n de acreditaci\u00f3n <span style=\"color: #cca649;\">ENAC<\/span> concede la acreditaci\u00f3n a la <span style=\"font-size: x-large; color: #cca649;\">Indicaci\u00f3n Geogr\u00e1fica Protegida (IGP) Miel de Galicia como entidad de certificaci\u00f3n de producto con n.\u00ba 140\/C-PR280<\/span>.Este certificado garantiza que todo el proceso de extracci\u00f3n, almacenamiento y envasado cumplen los altos requisitos de calidad que este certificado exige, pero adem\u00e1s de un modo independiente y objetivo.<\/span><\/p>\n<p><span style=\"font-size: large;\">Con esta acreditaci\u00f3n se reconoce, tras a\u00f1os de trabajo, la competencia t\u00e9cnica del Consejo Regulador de la IGP para <span style=\"font-size: x-large; color: #cca649;\">certificar la Miel de Galicia seg\u00fan la norma UNE- EN ISO\/IEC 17065<\/span>.<\/span><\/p>\n<p><span style=\"font-size: large;\">Para garantizar la calidad de la miel el Consejo Regulador controla todo el proceso desde la colmena hasta el punto de venta llevando a cabo inspecciones peri\u00f3dicas en las explotaciones ap\u00edcolas, en las plantas de envasado as\u00ed como en puntos de venta velando de este modo por el cumplimiento de las exigencias del Pliego de Condiciones. <\/span><\/p>\n<p>[\/et_pb_text][\/et_pb_column][\/et_pb_row][\/et_pb_section]<\/p>\n","protected":false},"excerpt":{"rendered":"<p>[et_pb_section fb_built=&#8221;1&#8243; fullwidth=&#8221;on&#8221; module_id=&#8221; top-slider-inner&#8221; _builder_version=&#8221;3.13&#8243;][et_pb_fullwidth_slider module_id=&#8221;slider-inner&#8221; _builder_version=&#8221;3.13&#8243;][et_pb_slide use_bg_overlay=&#8221;off&#8221; use_text_overlay=&#8221;off&#8221; _builder_version=&#8221;3.13&#8243; background_color=&#8221;#ffffff&#8221; background_image=&#8221;https:\/\/mieldegalicia.org\/2018\/wp-content\/uploads\/2018\/09\/slider_nuestra_miel.png&#8221; button_on_hover=&#8221;on&#8221;][\/et_pb_slide][\/et_pb_fullwidth_slider][et_pb_fullwidth_code _builder_version=&#8221;3.13&#8243;]&lt;a class=&#8221;logo-inner&#8221; href=&#8221;https:\/\/mieldegalicia.org\/2018&#8243;&gt;&lt;img src=&#8221;https:\/\/mieldegalicia.org\/2018\/wp-content\/uploads\/2018\/09\/logo.png&#8221;&gt;&lt;\/a&gt;[\/et_pb_fullwidth_code][\/et_pb_section][et_pb_section fb_built=&#8221;1&#8243; _builder_version=&#8221;3.13&#8243; background_color=&#8221;#fffdf6&#8243;][et_pb_row custom_margin=&#8221;-30px|||&#8221; _builder_version=&#8221;3.13&#8243;][et_pb_column type=&#8221;4_4&#8243; _builder_version=&#8221;3.13&#8243; parallax=&#8221;off&#8221; parallax_method=&#8221;on&#8221;][et_pb_text disabled_on=&#8221;on|off|off&#8221; _builder_version=&#8221;3.13&#8243; text_font=&#8221;||||||||&#8221; text_font_size=&#8221;21px&#8221;]Nuestra Miel\u00a0\u00a0\u00a0\u00a0 Tipos de Miel\u00a0\u00a0\u00a0\u00a0 Beneficios[\/et_pb_text][\/et_pb_column][\/et_pb_row][et_pb_row custom_margin=&#8221;-30px|||&#8221; _builder_version=&#8221;3.13&#8243;][et_pb_column type=&#8221;4_4&#8243; _builder_version=&#8221;3.0.47&#8243; parallax=&#8221;off&#8221; parallax_method=&#8221;on&#8221;][et_pb_divider color=&#8221;#cca649&#8243; _builder_version=&#8221;3.13&#8243;] [\/et_pb_divider][\/et_pb_column][\/et_pb_row][et_pb_row custom_padding=&#8221;|1px||&#8221; custom_padding_phone=&#8221;|0px||&#8221; custom_margin=&#8221;|1px||&#8221; custom_padding_last_edited=&#8221;on|phone&#8221; _builder_version=&#8221;3.13&#8243; background_image=&#8221;https:\/\/mieldegalicia.org\/2018\/wp-content\/uploads\/2018\/09\/bg_beneficios.png&#8221; background_size=&#8221;contain&#8221; background_position=&#8221;center_right&#8221;][et_pb_column type=&#8221;4_4&#8243; _builder_version=&#8221;3.13&#8243; [&hellip;]<\/p>\n","protected":false},"author":1,"featured_media":0,"parent":0,"menu_order":0,"comment_status":"closed","ping_status":"closed","template":"","meta":{"_et_pb_use_builder":"on","_et_pb_old_content":"","_et_gb_content_width":""},"_links":{"self":[{"href":"https:\/\/mieldegalicia.org\/2018\/wp-json\/wp\/v2\/pages\/439"}],"collection":[{"href":"https:\/\/mieldegalicia.org\/2018\/wp-json\/wp\/v2\/pages"}],"about":[{"href":"https:\/\/mieldegalicia.org\/2018\/wp-json\/wp\/v2\/types\/page"}],"author":[{"embeddable":true,"href":"https:\/\/mieldegalicia.org\/2018\/wp-json\/wp\/v2\/users\/1"}],"replies":[{"embeddable":true,"href":"https:\/\/mieldegalicia.org\/2018\/wp-json\/wp\/v2\/comments?post=439"}],"version-history":[{"count":8,"href":"https:\/\/mieldegalicia.org\/2018\/wp-json\/wp\/v2\/pages\/439\/revisions"}],"predecessor-version":[{"id":776,"href":"https:\/\/mieldegalicia.org\/2018\/wp-json\/wp\/v2\/pages\/439\/revisions\/776"}],"wp:attachment":[{"href":"https:\/\/mieldegalicia.org\/2018\/wp-json\/wp\/v2\/media?parent=439"}],"curies":[{"name":"wp","href":"https:\/\/api.w.org\/{rel}","templated":true}]}}