{"id":411,"date":"2018-09-06T06:55:54","date_gmt":"2018-09-06T06:55:54","guid":{"rendered":"http:\/\/mieldegalicia.org\/2018\/?page_id=411"},"modified":"2018-09-06T10:35:03","modified_gmt":"2018-09-06T10:35:03","slug":"nuestra-miel","status":"publish","type":"page","link":"https:\/\/mieldegalicia.org\/2018\/nuestra-miel\/","title":{"rendered":"Nuestra Miel"},"content":{"rendered":"<p>[et_pb_section fb_built=&#8221;1&#8243; fullwidth=&#8221;on&#8221; module_id=&#8221; top-slider-inner&#8221; _builder_version=&#8221;3.13&#8243;][et_pb_fullwidth_slider module_id=&#8221;slider-inner&#8221; _builder_version=&#8221;3.13&#8243;][et_pb_slide use_bg_overlay=&#8221;off&#8221; use_text_overlay=&#8221;off&#8221; _builder_version=&#8221;3.13&#8243; background_color=&#8221;#ffffff&#8221; background_image=&#8221;https:\/\/mieldegalicia.org\/2018\/wp-content\/uploads\/2018\/09\/slider_nuestra_miel.png&#8221; button_on_hover=&#8221;on&#8221;][\/et_pb_slide][\/et_pb_fullwidth_slider][et_pb_fullwidth_code _builder_version=&#8221;3.13&#8243;]&lt;a class=&quot;logo-inner&quot; href=&quot;https:\/\/mieldegalicia.org\/2018&quot;&gt;&lt;img src=&quot;https:\/\/mieldegalicia.org\/2018\/wp-content\/uploads\/2018\/09\/logo.png&quot;&gt;&lt;\/a&gt;[\/et_pb_fullwidth_code][\/et_pb_section][et_pb_section fb_built=&#8221;1&#8243; _builder_version=&#8221;3.13&#8243; background_color=&#8221;#fffdf6&#8243;][et_pb_row custom_margin=&#8221;-30px|||&#8221; _builder_version=&#8221;3.13&#8243;][et_pb_column type=&#8221;4_4&#8243; _builder_version=&#8221;3.13&#8243; parallax=&#8221;off&#8221; parallax_method=&#8221;on&#8221;][et_pb_text disabled_on=&#8221;on|off|off&#8221; _builder_version=&#8221;3.13&#8243; text_font=&#8221;||||||||&#8221; text_font_size=&#8221;21px&#8221;]<a href=\"https:\/\/mieldegalicia.org\/2018\/nuestra-miel\/\" style=\"color:#767676;\">Nuestra Miel<\/a>\u00a0\u00a0\u00a0\u00a0 <a href=\"https:\/\/mieldegalicia.org\/2018\/tipos-de-miel\">Tipos de Miel<\/a>\u00a0\u00a0\u00a0\u00a0 <a href=\"https:\/\/mieldegalicia.org\/2018\/beneficios\" >Beneficios<\/a>[\/et_pb_text][\/et_pb_column][\/et_pb_row][et_pb_row custom_margin=&#8221;-30px|||&#8221; _builder_version=&#8221;3.13&#8243;][et_pb_column type=&#8221;4_4&#8243; _builder_version=&#8221;3.0.47&#8243; parallax=&#8221;off&#8221; parallax_method=&#8221;on&#8221;][et_pb_divider color=&#8221;#cca649&#8243; _builder_version=&#8221;3.13&#8243;]&nbsp;<br \/>\n[\/et_pb_divider][\/et_pb_column][\/et_pb_row][et_pb_row custom_padding=&#8221;|1px||&#8221; custom_padding_phone=&#8221;|0px||&#8221; custom_margin=&#8221;|1px||&#8221; custom_padding_last_edited=&#8221;on|phone&#8221; _builder_version=&#8221;3.13&#8243; background_image=&#8221;https:\/\/mieldegalicia.org\/2018\/wp-content\/uploads\/2018\/09\/bg_nuestra-miel.png&#8221; background_size=&#8221;contain&#8221; background_position=&#8221;center_right&#8221;][et_pb_column type=&#8221;4_4&#8243; _builder_version=&#8221;3.13&#8243; parallax=&#8221;off&#8221; parallax_method=&#8221;on&#8221;][et_pb_text _builder_version=&#8221;3.13&#8243;]<\/p>\n<h1 class=\"h1-decorador\"><em>Nuestra Miel<\/em><\/h1>\n<p>[\/et_pb_text][et_pb_text _builder_version=&#8221;3.13&#8243; text_font=&#8221;||||||||&#8221; text_line_height=&#8221;2.4em&#8221; custom_margin=&#8221;|0px||&#8221; custom_padding=&#8221;|250px||&#8221; custom_padding_phone=&#8221;|0px||&#8221; custom_padding_last_edited=&#8221;on|desktop&#8221;]<\/p>\n<p><span style=\"font-size: large;\">La <span style=\"font-size: x-large; color: #cca649;\">Miel de Galicia es un producto natural y fresco que se produce de forma artesanal<\/span> desde hace cientos de a\u00f1os. El cuidado y las atenciones que se ponen en su elaboraci\u00f3n le permiten conservar sus propiedades genuinas.<\/span><br \/><span style=\"font-size: large;\"> En Galicia gozamos de un clima especialmente benigno con abundante lluvia a lo largo de todo el a\u00f1o. Estos factores,adem\u00e1s de las caracter\u00edsticas especiales de un suelo gran\u00edtico y de la influencia de los vientos y los aires marinos, dan lugar a una flora rica y variada, que permite tanto la producci\u00f3n de miel monofloral como la de un abanico de miel de milflores. Los colmenares gallegos son peque\u00f1os y se dejan mimar con esmero por el apicultor. Se consigue as\u00ed la calidad en los procesos de extracci\u00f3n y envasado de producto que nos caracteriza.<\/span><br \/><span style=\"font-size: large;\"> Esta miel se acoge a la I.G.P. <span style=\"font-size: x-large; color: #cca649;\">&#8220;Miel de Galicia&#8221;<\/span> y lleva como sello de garant\u00eda la contraetiqueta identificativa propia.<\/span><\/p>\n<p>[\/et_pb_text][\/et_pb_column][\/et_pb_row][\/et_pb_section]<\/p>\n","protected":false},"excerpt":{"rendered":"<p>[et_pb_section fb_built=&#8221;1&#8243; fullwidth=&#8221;on&#8221; module_id=&#8221; top-slider-inner&#8221; _builder_version=&#8221;3.13&#8243;][et_pb_fullwidth_slider module_id=&#8221;slider-inner&#8221; _builder_version=&#8221;3.13&#8243;][et_pb_slide use_bg_overlay=&#8221;off&#8221; use_text_overlay=&#8221;off&#8221; _builder_version=&#8221;3.13&#8243; background_color=&#8221;#ffffff&#8221; background_image=&#8221;https:\/\/mieldegalicia.org\/2018\/wp-content\/uploads\/2018\/09\/slider_nuestra_miel.png&#8221; button_on_hover=&#8221;on&#8221;][\/et_pb_slide][\/et_pb_fullwidth_slider][et_pb_fullwidth_code _builder_version=&#8221;3.13&#8243;]&lt;a class=&quot;logo-inner&quot; href=&quot;https:\/\/mieldegalicia.org\/2018&quot;&gt;&lt;img src=&quot;https:\/\/mieldegalicia.org\/2018\/wp-content\/uploads\/2018\/09\/logo.png&quot;&gt;&lt;\/a&gt;[\/et_pb_fullwidth_code][\/et_pb_section][et_pb_section fb_built=&#8221;1&#8243; _builder_version=&#8221;3.13&#8243; background_color=&#8221;#fffdf6&#8243;][et_pb_row custom_margin=&#8221;-30px|||&#8221; _builder_version=&#8221;3.13&#8243;][et_pb_column type=&#8221;4_4&#8243; _builder_version=&#8221;3.13&#8243; parallax=&#8221;off&#8221; parallax_method=&#8221;on&#8221;][et_pb_text disabled_on=&#8221;on|off|off&#8221; _builder_version=&#8221;3.13&#8243; text_font=&#8221;||||||||&#8221; text_font_size=&#8221;21px&#8221;]Nuestra Miel\u00a0\u00a0\u00a0\u00a0 Tipos de Miel\u00a0\u00a0\u00a0\u00a0 Beneficios[\/et_pb_text][\/et_pb_column][\/et_pb_row][et_pb_row custom_margin=&#8221;-30px|||&#8221; _builder_version=&#8221;3.13&#8243;][et_pb_column type=&#8221;4_4&#8243; _builder_version=&#8221;3.0.47&#8243; parallax=&#8221;off&#8221; parallax_method=&#8221;on&#8221;][et_pb_divider color=&#8221;#cca649&#8243; _builder_version=&#8221;3.13&#8243;]&nbsp; [\/et_pb_divider][\/et_pb_column][\/et_pb_row][et_pb_row custom_padding=&#8221;|1px||&#8221; custom_padding_phone=&#8221;|0px||&#8221; custom_margin=&#8221;|1px||&#8221; custom_padding_last_edited=&#8221;on|phone&#8221; _builder_version=&#8221;3.13&#8243; background_image=&#8221;https:\/\/mieldegalicia.org\/2018\/wp-content\/uploads\/2018\/09\/bg_nuestra-miel.png&#8221; background_size=&#8221;contain&#8221; background_position=&#8221;center_right&#8221;][et_pb_column type=&#8221;4_4&#8243; _builder_version=&#8221;3.13&#8243; [&hellip;]<\/p>\n","protected":false},"author":1,"featured_media":0,"parent":0,"menu_order":0,"comment_status":"closed","ping_status":"closed","template":"","meta":{"_et_pb_use_builder":"on","_et_pb_old_content":"","_et_gb_content_width":""},"_links":{"self":[{"href":"https:\/\/mieldegalicia.org\/2018\/wp-json\/wp\/v2\/pages\/411"}],"collection":[{"href":"https:\/\/mieldegalicia.org\/2018\/wp-json\/wp\/v2\/pages"}],"about":[{"href":"https:\/\/mieldegalicia.org\/2018\/wp-json\/wp\/v2\/types\/page"}],"author":[{"embeddable":true,"href":"https:\/\/mieldegalicia.org\/2018\/wp-json\/wp\/v2\/users\/1"}],"replies":[{"embeddable":true,"href":"https:\/\/mieldegalicia.org\/2018\/wp-json\/wp\/v2\/comments?post=411"}],"version-history":[{"count":11,"href":"https:\/\/mieldegalicia.org\/2018\/wp-json\/wp\/v2\/pages\/411\/revisions"}],"predecessor-version":[{"id":455,"href":"https:\/\/mieldegalicia.org\/2018\/wp-json\/wp\/v2\/pages\/411\/revisions\/455"}],"wp:attachment":[{"href":"https:\/\/mieldegalicia.org\/2018\/wp-json\/wp\/v2\/media?parent=411"}],"curies":[{"name":"wp","href":"https:\/\/api.w.org\/{rel}","templated":true}]}}