{"id":172,"date":"2018-09-04T15:10:43","date_gmt":"2018-09-04T15:10:43","guid":{"rendered":"http:\/\/mieldegalicia.org\/2018\/?page_id=172"},"modified":"2018-09-27T16:15:13","modified_gmt":"2018-09-27T16:15:13","slug":"consejo-regulador","status":"publish","type":"page","link":"https:\/\/mieldegalicia.org\/2018\/consejo-regulador\/","title":{"rendered":"Consejo Regulador"},"content":{"rendered":"<p>[et_pb_section fb_built=&#8221;1&#8243; fullwidth=&#8221;on&#8221; module_id=&#8221; top-slider-inner&#8221; _builder_version=&#8221;3.13&#8243;][et_pb_fullwidth_slider module_id=&#8221;slider-inner&#8221; _builder_version=&#8221;3.13&#8243;][et_pb_slide use_bg_overlay=&#8221;off&#8221; use_text_overlay=&#8221;off&#8221; _builder_version=&#8221;3.13&#8243; background_color=&#8221;#ffffff&#8221; background_image=&#8221;https:\/\/mieldegalicia.org\/2018\/wp-content\/uploads\/2018\/09\/slider_consejo_regulador.png&#8221; button_on_hover=&#8221;on&#8221;][\/et_pb_slide][\/et_pb_fullwidth_slider][et_pb_fullwidth_code _builder_version=&#8221;3.13&#8243;]&lt;a class=&quot;logo-inner&quot; href=&quot;https:\/\/mieldegalicia.org\/2018&quot;&gt;&lt;img src=&quot;https:\/\/mieldegalicia.org\/2018\/wp-content\/uploads\/2018\/09\/logo.png&quot;&gt;&lt;\/a&gt;[\/et_pb_fullwidth_code][\/et_pb_section][et_pb_section fb_built=&#8221;1&#8243; _builder_version=&#8221;3.13&#8243; background_color=&#8221;#fffdf6&#8243;][et_pb_row custom_margin=&#8221;-30px|||&#8221; disabled_on=&#8221;on|off|off&#8221; _builder_version=&#8221;3.13&#8243;][et_pb_column type=&#8221;4_4&#8243; _builder_version=&#8221;3.13&#8243; parallax=&#8221;off&#8221; parallax_method=&#8221;on&#8221;][et_pb_text _builder_version=&#8221;3.13&#8243; text_font=&#8221;||||||||&#8221; text_font_size=&#8221;21px&#8221;]<a href=\"https:\/\/mieldegalicia.org\/2018\/consejo-regulador\/\" style=\"color:#666;\">Consejo Regulador<\/a>\u00a0\u00a0\u00a0\u00a0 <a href=\"https:\/\/mieldegalicia.org\/2018\/normativa\">Normativa<\/a>\u00a0\u00a0\u00a0\u00a0 <a href=\"https:\/\/mieldegalicia.org\/2018\/envasadores\">Envasadores<\/a>\u00a0\u00a0\u00a0\u00a0 <a href=\"https:\/\/mieldegalicia.org\/2018\/inscripcion\">Inscripci\u00f3n<\/a>[\/et_pb_text][\/et_pb_column][\/et_pb_row][et_pb_row custom_margin=&#8221;-30px|||&#8221; _builder_version=&#8221;3.13&#8243;][et_pb_column type=&#8221;4_4&#8243; _builder_version=&#8221;3.0.47&#8243; parallax=&#8221;off&#8221; parallax_method=&#8221;on&#8221;][et_pb_divider color=&#8221;#cca649&#8243; _builder_version=&#8221;3.13&#8243;]&nbsp;<br \/>\n[\/et_pb_divider][\/et_pb_column][\/et_pb_row][et_pb_row custom_padding=&#8221;|1px||1px&#8221; custom_margin=&#8221;|0px||&#8221; custom_padding_last_edited=&#8221;on|phone&#8221; padding_1_phone=&#8221;|0px||0px&#8221; padding_1_last_edited=&#8221;on|phone&#8221; _builder_version=&#8221;3.13&#8243; background_image=&#8221;https:\/\/mieldegalicia.org\/2018\/wp-content\/uploads\/2018\/09\/bg_regulador_inscripcion.png&#8221; background_size=&#8221;contain&#8221; background_position=&#8221;center_right&#8221; module_alignment=&#8221;center&#8221; custom_margin_phone=&#8221;|1px||1px&#8221; custom_margin_last_edited=&#8221;on|phone&#8221;][et_pb_column type=&#8221;4_4&#8243; _builder_version=&#8221;3.13&#8243; padding_phone=&#8221;|0px||0px&#8221; padding_last_edited=&#8221;on|phone&#8221; parallax=&#8221;off&#8221; parallax_method=&#8221;on&#8221;][et_pb_text _builder_version=&#8221;3.13&#8243; text_font=&#8221;||||||||&#8221; text_font_size_phone=&#8221;6px&#8221; text_font_size_last_edited=&#8221;on|phone&#8221; max_width_phone=&#8221;100%&#8221; max_width_last_edited=&#8221;on|phone&#8221;]<\/p>\n<h1 class=\"h1-decorador\"><em>Consejo Regulador<\/em><\/h1>\n<p>[\/et_pb_text][et_pb_text _builder_version=&#8221;3.13&#8243; text_font=&#8221;||||||||&#8221; text_line_height=&#8221;2.4em&#8221; custom_margin=&#8221;|0px||&#8221; custom_margin_phone=&#8221;|||15px&#8221; custom_margin_last_edited=&#8221;on|phone&#8221; custom_padding=&#8221;|250px||&#8221; custom_padding_phone=&#8221;|0px||&#8221; custom_padding_last_edited=&#8221;on|phone&#8221;]<\/p>\n<p><span style=\"font-size: large;\">Un largo camino lleva recorrido la Miel de Galicia, en el a\u00f1o 1988 se reconoce como <span style=\"font-size: x-large; color: #cca649;\">\u201cProducto Gallego de Calidad\u201d<\/span>y finalmente en el 2007 consigui\u00f3 la protecci\u00f3n europea con la publicaci\u00f3n de la inscripci\u00f3n de la IGP Miel de Galicia en el registro de denominaciones de origen protegidas y de indicaciones geogr\u00e1ficas de la comisi\u00f3n europea.<\/span><\/p>\n<p><span style=\"font-size: x-large; color: #cca649;\">El Consejo Regulador de la Indicaci\u00f3n Geogr\u00e1fica Protegida Miel de Galicia<\/span><span style=\"font-size: large;\"> es el organismo al que se le atribuye la gesti\u00f3n de la denominaci\u00f3n y es encargado de controlar, amparar y certificar la &#8220;Miel de Galicia&#8221;, identificando esta certificaci\u00f3n con su contraetiqueta correspondiente, que es el aval de que esta miel cumple con todos y cada uno de los requisitos de calidad reflejados en el pliego de condiciones.<\/span><\/p>\n<p><span style=\"font-size: large;\">La zona de producci\u00f3n, elaboraci\u00f3n y envasado de las mieles amparadas abarca todo el territorio de la Comunidad Aut\u00f3noma de Galicia.<\/span><\/p>\n<p><span style=\"font-size: large;\"><\/span><\/p>\n<p><span style=\"font-size: large;\"><\/span><\/p>\n<p>[\/et_pb_text][\/et_pb_column][\/et_pb_row][\/et_pb_section]<\/p>\n","protected":false},"excerpt":{"rendered":"<p>[et_pb_section fb_built=&#8221;1&#8243; fullwidth=&#8221;on&#8221; module_id=&#8221; top-slider-inner&#8221; _builder_version=&#8221;3.13&#8243;][et_pb_fullwidth_slider module_id=&#8221;slider-inner&#8221; _builder_version=&#8221;3.13&#8243;][et_pb_slide use_bg_overlay=&#8221;off&#8221; use_text_overlay=&#8221;off&#8221; _builder_version=&#8221;3.13&#8243; background_color=&#8221;#ffffff&#8221; background_image=&#8221;https:\/\/mieldegalicia.org\/2018\/wp-content\/uploads\/2018\/09\/slider_consejo_regulador.png&#8221; button_on_hover=&#8221;on&#8221;][\/et_pb_slide][\/et_pb_fullwidth_slider][et_pb_fullwidth_code _builder_version=&#8221;3.13&#8243;]&lt;a class=&quot;logo-inner&quot; href=&quot;https:\/\/mieldegalicia.org\/2018&quot;&gt;&lt;img src=&quot;https:\/\/mieldegalicia.org\/2018\/wp-content\/uploads\/2018\/09\/logo.png&quot;&gt;&lt;\/a&gt;[\/et_pb_fullwidth_code][\/et_pb_section][et_pb_section fb_built=&#8221;1&#8243; _builder_version=&#8221;3.13&#8243; background_color=&#8221;#fffdf6&#8243;][et_pb_row custom_margin=&#8221;-30px|||&#8221; disabled_on=&#8221;on|off|off&#8221; _builder_version=&#8221;3.13&#8243;][et_pb_column type=&#8221;4_4&#8243; _builder_version=&#8221;3.13&#8243; parallax=&#8221;off&#8221; parallax_method=&#8221;on&#8221;][et_pb_text _builder_version=&#8221;3.13&#8243; text_font=&#8221;||||||||&#8221; text_font_size=&#8221;21px&#8221;]Consejo Regulador\u00a0\u00a0\u00a0\u00a0 Normativa\u00a0\u00a0\u00a0\u00a0 Envasadores\u00a0\u00a0\u00a0\u00a0 Inscripci\u00f3n[\/et_pb_text][\/et_pb_column][\/et_pb_row][et_pb_row custom_margin=&#8221;-30px|||&#8221; _builder_version=&#8221;3.13&#8243;][et_pb_column type=&#8221;4_4&#8243; _builder_version=&#8221;3.0.47&#8243; parallax=&#8221;off&#8221; parallax_method=&#8221;on&#8221;][et_pb_divider color=&#8221;#cca649&#8243; _builder_version=&#8221;3.13&#8243;]&nbsp; [\/et_pb_divider][\/et_pb_column][\/et_pb_row][et_pb_row custom_padding=&#8221;|1px||1px&#8221; custom_margin=&#8221;|0px||&#8221; custom_padding_last_edited=&#8221;on|phone&#8221; padding_1_phone=&#8221;|0px||0px&#8221; padding_1_last_edited=&#8221;on|phone&#8221; _builder_version=&#8221;3.13&#8243; background_image=&#8221;https:\/\/mieldegalicia.org\/2018\/wp-content\/uploads\/2018\/09\/bg_regulador_inscripcion.png&#8221; background_size=&#8221;contain&#8221; background_position=&#8221;center_right&#8221; module_alignment=&#8221;center&#8221; custom_margin_phone=&#8221;|1px||1px&#8221; [&hellip;]<\/p>\n","protected":false},"author":1,"featured_media":0,"parent":0,"menu_order":0,"comment_status":"closed","ping_status":"closed","template":"","meta":{"_et_pb_use_builder":"on","_et_pb_old_content":"","_et_gb_content_width":""},"_links":{"self":[{"href":"https:\/\/mieldegalicia.org\/2018\/wp-json\/wp\/v2\/pages\/172"}],"collection":[{"href":"https:\/\/mieldegalicia.org\/2018\/wp-json\/wp\/v2\/pages"}],"about":[{"href":"https:\/\/mieldegalicia.org\/2018\/wp-json\/wp\/v2\/types\/page"}],"author":[{"embeddable":true,"href":"https:\/\/mieldegalicia.org\/2018\/wp-json\/wp\/v2\/users\/1"}],"replies":[{"embeddable":true,"href":"https:\/\/mieldegalicia.org\/2018\/wp-json\/wp\/v2\/comments?post=172"}],"version-history":[{"count":29,"href":"https:\/\/mieldegalicia.org\/2018\/wp-json\/wp\/v2\/pages\/172\/revisions"}],"predecessor-version":[{"id":556,"href":"https:\/\/mieldegalicia.org\/2018\/wp-json\/wp\/v2\/pages\/172\/revisions\/556"}],"wp:attachment":[{"href":"https:\/\/mieldegalicia.org\/2018\/wp-json\/wp\/v2\/media?parent=172"}],"curies":[{"name":"wp","href":"https:\/\/api.w.org\/{rel}","templated":true}]}}