{"id":11,"date":"2018-08-31T00:11:26","date_gmt":"2018-08-31T00:11:26","guid":{"rendered":"http:\/\/mieldegalicia.org\/2018\/?page_id=11"},"modified":"2023-02-08T16:57:51","modified_gmt":"2023-02-08T16:57:51","slug":"home","status":"publish","type":"page","link":"https:\/\/mieldegalicia.org\/2018\/","title":{"rendered":"Home"},"content":{"rendered":"<p>[et_pb_section fb_built=&#8221;1&#8243; _builder_version=&#8221;4.5.3&#8243; _module_preset=&#8221;default&#8221;][et_pb_row _builder_version=&#8221;4.5.3&#8243; _module_preset=&#8221;default&#8221;][et_pb_column type=&#8221;4_4&#8243; _builder_version=&#8221;4.5.3&#8243; _module_preset=&#8221;default&#8221;][et_pb_video src=&#8221;https:\/\/www.youtube.com\/watch?v=vUicbRE6jvU&#8221; thumbnail_overlay_color=&#8221;rgba(0,0,0,0.6)&#8221; _builder_version=&#8221;4.5.3&#8243; _module_preset=&#8221;default&#8221; src__hover_enabled=&#8221;on|desktop&#8221;][\/et_pb_video][et_pb_divider _builder_version=&#8221;4.5.3&#8243; _module_preset=&#8221;default&#8221; show_divider=&#8221;off&#8221; hover_enabled=&#8221;0&#8243;][\/et_pb_divider][\/et_pb_column][\/et_pb_row][\/et_pb_section][et_pb_section fb_built=&#8221;1&#8243; fullwidth=&#8221;on&#8221; disabled_on=&#8221;on|on|off&#8221; module_id=&#8221; top-slider-11&#8243; _builder_version=&#8221;4.5.3&#8243;][et_pb_fullwidth_slider show_image_video_mobile=&#8221;on&#8221; disabled_on=&#8221;on|on|off&#8221; _builder_version=&#8221;4.5.3&#8243; button_text_size__hover_enabled=&#8221;off&#8221; button_one_text_size__hover_enabled=&#8221;off&#8221; button_two_text_size__hover_enabled=&#8221;off&#8221; button_text_color__hover_enabled=&#8221;off&#8221; button_one_text_color__hover_enabled=&#8221;off&#8221; button_two_text_color__hover_enabled=&#8221;off&#8221; button_border_width__hover_enabled=&#8221;off&#8221; button_one_border_width__hover_enabled=&#8221;off&#8221; button_two_border_width__hover_enabled=&#8221;off&#8221; button_border_color__hover_enabled=&#8221;off&#8221; button_one_border_color__hover_enabled=&#8221;off&#8221; button_two_border_color__hover_enabled=&#8221;off&#8221; button_border_radius__hover_enabled=&#8221;off&#8221; button_one_border_radius__hover_enabled=&#8221;off&#8221; button_two_border_radius__hover_enabled=&#8221;off&#8221; button_letter_spacing__hover_enabled=&#8221;off&#8221; button_one_letter_spacing__hover_enabled=&#8221;off&#8221; button_two_letter_spacing__hover_enabled=&#8221;off&#8221; button_bg_color__hover_enabled=&#8221;off&#8221; button_one_bg_color__hover_enabled=&#8221;off&#8221; button_two_bg_color__hover_enabled=&#8221;off&#8221;][et_pb_slide use_bg_overlay=&#8221;off&#8221; use_text_overlay=&#8221;off&#8221; _builder_version=&#8221;4.5.3&#8243; background_color=&#8221;rgba(255,255,255,0)&#8221; background_image=&#8221;https:\/\/mieldegalicia.org\/2018\/wp-content\/uploads\/2022\/05\/desktop2022.jpg&#8221; background_enable_image=&#8221;on&#8221; background_position=&#8221;bottom_center&#8221; button_on_hover=&#8221;on&#8221; button_text_size__hover_enabled=&#8221;off&#8221; button_one_text_size__hover_enabled=&#8221;off&#8221; button_two_text_size__hover_enabled=&#8221;off&#8221; button_text_color__hover_enabled=&#8221;off&#8221; button_one_text_color__hover_enabled=&#8221;off&#8221; button_two_text_color__hover_enabled=&#8221;off&#8221; button_border_width__hover_enabled=&#8221;off&#8221; button_one_border_width__hover_enabled=&#8221;off&#8221; button_two_border_width__hover_enabled=&#8221;off&#8221; button_border_color__hover_enabled=&#8221;off&#8221; button_one_border_color__hover_enabled=&#8221;off&#8221; button_two_border_color__hover_enabled=&#8221;off&#8221; button_border_radius__hover_enabled=&#8221;off&#8221; button_one_border_radius__hover_enabled=&#8221;off&#8221; button_two_border_radius__hover_enabled=&#8221;off&#8221; button_letter_spacing__hover_enabled=&#8221;off&#8221; button_one_letter_spacing__hover_enabled=&#8221;off&#8221; button_two_letter_spacing__hover_enabled=&#8221;off&#8221; button_bg_color__hover_enabled=&#8221;off&#8221; button_one_bg_color__hover_enabled=&#8221;off&#8221; button_two_bg_color__hover_enabled=&#8221;off&#8221;][\/et_pb_slide][\/et_pb_fullwidth_slider][\/et_pb_section][et_pb_section fb_built=&#8221;1&#8243; fullwidth=&#8221;on&#8221; disabled_on=&#8221;off|off|on&#8221; module_id=&#8221; top-slider-11&#8243; _builder_version=&#8221;4.5.3&#8243;][et_pb_fullwidth_slider show_image_video_mobile=&#8221;on&#8221; disabled_on=&#8221;off|off|on&#8221; _builder_version=&#8221;4.5.3&#8243; content_width=&#8221;100%&#8221; button_text_size__hover_enabled=&#8221;off&#8221; button_one_text_size__hover_enabled=&#8221;off&#8221; button_two_text_size__hover_enabled=&#8221;off&#8221; button_text_color__hover_enabled=&#8221;off&#8221; button_one_text_color__hover_enabled=&#8221;off&#8221; button_two_text_color__hover_enabled=&#8221;off&#8221; button_border_width__hover_enabled=&#8221;off&#8221; button_one_border_width__hover_enabled=&#8221;off&#8221; button_two_border_width__hover_enabled=&#8221;off&#8221; button_border_color__hover_enabled=&#8221;off&#8221; button_one_border_color__hover_enabled=&#8221;off&#8221; button_two_border_color__hover_enabled=&#8221;off&#8221; button_border_radius__hover_enabled=&#8221;off&#8221; button_one_border_radius__hover_enabled=&#8221;off&#8221; button_two_border_radius__hover_enabled=&#8221;off&#8221; button_letter_spacing__hover_enabled=&#8221;off&#8221; button_one_letter_spacing__hover_enabled=&#8221;off&#8221; button_two_letter_spacing__hover_enabled=&#8221;off&#8221; button_bg_color__hover_enabled=&#8221;off&#8221; button_one_bg_color__hover_enabled=&#8221;off&#8221; button_two_bg_color__hover_enabled=&#8221;off&#8221;][et_pb_slide use_bg_overlay=&#8221;off&#8221; use_text_overlay=&#8221;off&#8221; _builder_version=&#8221;4.5.3&#8243; background_color=&#8221;rgba(255,255,255,0)&#8221; background_image=&#8221;https:\/\/mieldegalicia.org\/2018\/wp-content\/uploads\/2022\/05\/textura.jpg&#8221; background_enable_image=&#8221;on&#8221; background_repeat=&#8221;repeat&#8221; button_on_hover=&#8221;on&#8221; button_text_size__hover_enabled=&#8221;off&#8221; button_one_text_size__hover_enabled=&#8221;off&#8221; button_two_text_size__hover_enabled=&#8221;off&#8221; button_text_color__hover_enabled=&#8221;off&#8221; button_one_text_color__hover_enabled=&#8221;off&#8221; button_two_text_color__hover_enabled=&#8221;off&#8221; button_border_width__hover_enabled=&#8221;off&#8221; button_one_border_width__hover_enabled=&#8221;off&#8221; button_two_border_width__hover_enabled=&#8221;off&#8221; button_border_color__hover_enabled=&#8221;off&#8221; button_one_border_color__hover_enabled=&#8221;off&#8221; button_two_border_color__hover_enabled=&#8221;off&#8221; button_border_radius__hover_enabled=&#8221;off&#8221; button_one_border_radius__hover_enabled=&#8221;off&#8221; button_two_border_radius__hover_enabled=&#8221;off&#8221; button_letter_spacing__hover_enabled=&#8221;off&#8221; button_one_letter_spacing__hover_enabled=&#8221;off&#8221; button_two_letter_spacing__hover_enabled=&#8221;off&#8221; button_bg_color__hover_enabled=&#8221;off&#8221; button_one_bg_color__hover_enabled=&#8221;off&#8221; button_two_bg_color__hover_enabled=&#8221;off&#8221;]<\/p>\n<p><a href=\"https:\/\/mieldegalicia.org\/2018\/wp-content\/uploads\/2022\/05\/Melucha-sin-fondo.png\"><img loading=\"lazy\" class=\"wp-image-1080 size-medium aligncenter\" src=\"https:\/\/mieldegalicia.org\/2018\/wp-content\/uploads\/2022\/05\/Melucha-sin-fondo-300x222.png\" alt=\"\" width=\"300\" height=\"222\" \/><\/a><\/p>\n<p><a href=\"https:\/\/mieldegalicia.org\/2018\/wp-content\/uploads\/2022\/05\/TarroMIEL_OK.png\"><img loading=\"lazy\" class=\"wp-image-1077 size-medium aligncenter\" src=\"https:\/\/mieldegalicia.org\/2018\/wp-content\/uploads\/2022\/05\/TarroMIEL_OK-291x300.png\" alt=\"\" width=\"291\" height=\"300\" \/><\/a><\/p>\n<p>&nbsp;<\/p>\n<p><a href=\"https:\/\/mieldegalicia.org\/2018\/wp-content\/uploads\/2022\/05\/logos.png\"><img loading=\"lazy\" class=\"wp-image-1074 size-full aligncenter\" src=\"https:\/\/mieldegalicia.org\/2018\/wp-content\/uploads\/2022\/05\/logos.png\" alt=\"\" width=\"1194\" height=\"127\" srcset=\"https:\/\/mieldegalicia.org\/2018\/wp-content\/uploads\/2022\/05\/logos.png 1194w, https:\/\/mieldegalicia.org\/2018\/wp-content\/uploads\/2022\/05\/logos-980x104.png 980w, https:\/\/mieldegalicia.org\/2018\/wp-content\/uploads\/2022\/05\/logos-480x51.png 480w\" sizes=\"(min-width: 0px) and (max-width: 480px) 480px, (min-width: 481px) and (max-width: 980px) 980px, (min-width: 981px) 1194px, 100vw\" \/><\/a><\/p>\n<p>[\/et_pb_slide][\/et_pb_fullwidth_slider][\/et_pb_section][et_pb_section fb_built=&#8221;1&#8243; _builder_version=&#8221;3.22&#8243; background_color=&#8221;#fffdf6&#8243;][et_pb_row column_structure=&#8221;1_2,1_2&#8243; _builder_version=&#8221;3.25&#8243;][et_pb_column type=&#8221;1_2&#8243; _builder_version=&#8221;3.25&#8243; custom_padding=&#8221;|||&#8221; custom_padding__hover=&#8221;|||&#8221;][et_pb_text _builder_version=&#8221;3.27.4&#8243; text_font=&#8221;||||||||&#8221; text_line_height=&#8221;3em&#8221; header_font=&#8221;||||||||&#8221; custom_margin=&#8221;0px|||&#8221; custom_padding=&#8221;43px|65px||&#8221;]<\/p>\n<h1><\/h1>\n<h1><\/h1>\n<h1 style=\"text-align: center;\">La Miel de Galicia<\/h1>\n<p><span style=\"font-size: large;\">La Miel de Galicia es un producto natural y fresco que se recoge desde hace cientos de a\u00f1os. El cuidado y la atenci\u00f3n que se pone en su elaboraci\u00f3n permiten a la miel conservar todas sus propiedades genu\u00ednas.<\/span><\/p>\n<p>[\/et_pb_text][\/et_pb_column][et_pb_column type=&#8221;1_2&#8243; _builder_version=&#8221;3.25&#8243; custom_padding=&#8221;|||&#8221; custom_padding__hover=&#8221;|||&#8221;][et_pb_image src=&#8221;https:\/\/mieldegalicia.org\/2018\/wp-content\/uploads\/2018\/08\/bote_miel.png&#8221; align_tablet=&#8221;center&#8221; align_phone=&#8221;&#8221; align_last_edited=&#8221;on|desktop&#8221; _builder_version=&#8221;3.23&#8243;]&nbsp;<br \/>\n[\/et_pb_image][\/et_pb_column][\/et_pb_row][et_pb_row _builder_version=&#8221;3.25&#8243;][et_pb_column type=&#8221;4_4&#8243; _builder_version=&#8221;3.25&#8243; custom_padding=&#8221;|||&#8221; custom_padding__hover=&#8221;|||&#8221;][et_pb_text _builder_version=&#8221;3.27.4&#8243;]<\/p>\n<h1 class=\"h1-decorador\" style=\"text-align: center;\"><em>DESTACADOS<\/em><\/h1>\n<p>[\/et_pb_text][et_pb_divider color=&#8221;#cca649&#8243; _builder_version=&#8221;3.13&#8243;]&nbsp;<br \/>\n[\/et_pb_divider][\/et_pb_column][\/et_pb_row][et_pb_row column_structure=&#8221;1_3,1_3,1_3&#8243; _builder_version=&#8221;3.25&#8243;][et_pb_column type=&#8221;1_3&#8243; _builder_version=&#8221;3.25&#8243; custom_padding=&#8221;|||&#8221; custom_padding__hover=&#8221;|||&#8221;][et_pb_image src=&#8221;https:\/\/mieldegalicia.org\/2018\/wp-content\/uploads\/2018\/09\/destacado1.png&#8221; align_tablet=&#8221;center&#8221; align_phone=&#8221;&#8221; align_last_edited=&#8221;on|desktop&#8221; _builder_version=&#8221;3.23&#8243;]&nbsp;<br \/>\n[\/et_pb_image][et_pb_text _builder_version=&#8221;3.27.4&#8243;]<\/p>\n<h1>\u00bfC\u00f3mo se reconoce <br \/>la Miel de Galicia? <\/h1>\n<p>[\/et_pb_text][et_pb_divider color=&#8221;#cca649&#8243; _builder_version=&#8221;3.13&#8243; max_width=&#8221;70%&#8221; custom_margin=&#8221;-25px|||&#8221;]&nbsp;<br \/>\n[\/et_pb_divider][et_pb_text _builder_version=&#8221;3.27.4&#8243; custom_margin=&#8221;-25px|||&#8221;]<a href=\"https:\/\/mieldegalicia.org\/2018\/nuestra-miel\"><span class=\"enlace_destacado\">leer m\u00e1s<\/span><\/a>[\/et_pb_text][\/et_pb_column][et_pb_column type=&#8221;1_3&#8243; _builder_version=&#8221;3.25&#8243; custom_padding=&#8221;|||&#8221; custom_padding__hover=&#8221;|||&#8221;][et_pb_image src=&#8221;https:\/\/mieldegalicia.org\/2018\/wp-content\/uploads\/2018\/09\/destacado2.png&#8221; align_tablet=&#8221;center&#8221; align_phone=&#8221;&#8221; align_last_edited=&#8221;on|desktop&#8221; _builder_version=&#8221;3.23&#8243;]&nbsp;<br \/>\n[\/et_pb_image][et_pb_text _builder_version=&#8221;3.27.4&#8243;]<\/p>\n<h1>Descubre los tipos <br \/>de Miel de Galicia <\/h1>\n<p>[\/et_pb_text][et_pb_divider color=&#8221;#cca649&#8243; _builder_version=&#8221;3.13&#8243; max_width=&#8221;70%&#8221; custom_margin=&#8221;-25px|||&#8221;]&nbsp;<br \/>\n[\/et_pb_divider][et_pb_text _builder_version=&#8221;3.27.4&#8243; custom_margin=&#8221;-25px|||&#8221;]<\/p>\n<p><a href=\"https:\/\/mieldegalicia.org\/2018\/tipos-de-miel\"><span class=\"enlace_destacado\">leer m\u00e1s<\/span><\/a><\/p>\n<p>[\/et_pb_text][\/et_pb_column][et_pb_column type=&#8221;1_3&#8243; _builder_version=&#8221;3.25&#8243; custom_padding=&#8221;|||&#8221; custom_padding__hover=&#8221;|||&#8221;][et_pb_image src=&#8221;https:\/\/mieldegalicia.org\/2018\/wp-content\/uploads\/2021\/10\/BANNER-MELUCHA.jpg&#8221; title_text=&#8221;AF_Inivitacion coles&#8221; align_tablet=&#8221;center&#8221; align_phone=&#8221;&#8221; align_last_edited=&#8221;on|desktop&#8221; _builder_version=&#8221;4.5.3&#8243;]&nbsp;<br \/>\n[\/et_pb_image][et_pb_text _builder_version=&#8221;3.27.4&#8243;]<\/p>\n<h1>Ya tenemos ganadores de &#8220;Las aventuras de Melucha&#8221;<\/h1>\n<p>[\/et_pb_text][et_pb_divider color=&#8221;#cca649&#8243; _builder_version=&#8221;3.13&#8243; max_width=&#8221;70%&#8221; custom_margin=&#8221;-25px|||&#8221;]&nbsp;<br \/>\n[\/et_pb_divider][et_pb_text _builder_version=&#8221;4.5.3&#8243; custom_margin=&#8221;-25px|||&#8221;]<\/p>\n<p><a href=\"https:\/\/mieldegalicia.org\/2018\/gl\/proximamente-gl\/\"><span class=\"enlace_destacado\">leer m\u00e1s<\/span><\/a><\/p>\n<p>[\/et_pb_text][\/et_pb_column][\/et_pb_row][et_pb_row _builder_version=&#8221;3.25&#8243;][et_pb_column type=&#8221;4_4&#8243; _builder_version=&#8221;3.25&#8243; custom_padding=&#8221;|||&#8221; custom_padding__hover=&#8221;|||&#8221;][et_pb_divider color=&#8221;#cca649&#8243; _builder_version=&#8221;3.13&#8243;]&nbsp;<br \/>\n[\/et_pb_divider][\/et_pb_column][\/et_pb_row][et_pb_row column_structure=&#8221;3_5,2_5&#8243; _builder_version=&#8221;3.25&#8243;][et_pb_column type=&#8221;3_5&#8243; _builder_version=&#8221;3.25&#8243; custom_padding=&#8221;|||&#8221; custom_padding__hover=&#8221;|||&#8221;][et_pb_image src=&#8221;https:\/\/mieldegalicia.org\/2018\/wp-content\/uploads\/2018\/08\/imagen_miel2.png&#8221; align_tablet=&#8221;center&#8221; align_phone=&#8221;&#8221; align_last_edited=&#8221;on|desktop&#8221; _builder_version=&#8221;3.23&#8243;]&nbsp;<br \/>\n[\/et_pb_image][\/et_pb_column][et_pb_column type=&#8221;2_5&#8243; _builder_version=&#8221;3.25&#8243; custom_padding=&#8221;|||&#8221; custom_padding__hover=&#8221;|||&#8221;][et_pb_text _builder_version=&#8221;4.5.3&#8243;]<\/p>\n<h1 class=\"h2_cocina_home\" style=\"text-align: center;\">IDENTIFICACI\u00d3N DE MARCADORES ESPECIFICOS PARA GARANTIR A CALIDADE E AUTENTICIDADE DO MEL DE GALICIA<\/h1>\n<p>[\/et_pb_text][et_pb_image src=&#8221;https:\/\/mieldegalicia.org\/2018\/wp-content\/uploads\/2022\/01\/cartel2.jpg&#8221; title_text=&#8221;cartel2&#8243; align=&#8221;center&#8221; align_tablet=&#8221;center&#8221; align_phone=&#8221;&#8221; align_last_edited=&#8221;on|desktop&#8221; _builder_version=&#8221;4.5.3&#8243; custom_margin=&#8221;||||false&#8221; custom_padding=&#8221;30px||20px|&#8221;]&nbsp;<br \/>\n[\/et_pb_image][et_pb_button button_url=&#8221;https:\/\/mieldegalicia.org\/2018\/wp-content\/uploads\/2021\/11\/IDENTIFICACION-DE-MARCADORES.pdf&#8221; url_new_window=&#8221;on&#8221; button_text=&#8221;PROXECTO: IDENTIFICACI\u00d3N DE MARCADORES ESPECIFICOS &#8221; button_alignment=&#8221;center&#8221; module_class=&#8221;boton_home&#8221; _builder_version=&#8221;4.5.3&#8243; custom_padding=&#8221;|55px||55px||true&#8221; button_text_size__hover_enabled=&#8221;off&#8221; button_one_text_size__hover_enabled=&#8221;off&#8221; button_two_text_size__hover_enabled=&#8221;off&#8221; button_text_color__hover_enabled=&#8221;off&#8221; button_one_text_color__hover_enabled=&#8221;off&#8221; button_two_text_color__hover_enabled=&#8221;off&#8221; button_border_width__hover_enabled=&#8221;off&#8221; button_one_border_width__hover_enabled=&#8221;off&#8221; button_two_border_width__hover_enabled=&#8221;off&#8221; button_border_color__hover_enabled=&#8221;off&#8221; button_one_border_color__hover_enabled=&#8221;off&#8221; button_two_border_color__hover_enabled=&#8221;off&#8221; button_border_radius__hover_enabled=&#8221;off&#8221; button_one_border_radius__hover_enabled=&#8221;off&#8221; button_two_border_radius__hover_enabled=&#8221;off&#8221; button_letter_spacing__hover_enabled=&#8221;off&#8221; button_one_letter_spacing__hover_enabled=&#8221;off&#8221; button_two_letter_spacing__hover_enabled=&#8221;off&#8221; button_bg_color__hover_enabled=&#8221;off&#8221; button_one_bg_color__hover_enabled=&#8221;off&#8221; button_two_bg_color__hover_enabled=&#8221;off&#8221;]&nbsp;<br \/>\n[\/et_pb_button][\/et_pb_column][\/et_pb_row][\/et_pb_section]<\/p>\n","protected":false},"excerpt":{"rendered":"<p>[et_pb_section fb_built=&#8221;1&#8243; _builder_version=&#8221;4.5.3&#8243; _module_preset=&#8221;default&#8221;][et_pb_row _builder_version=&#8221;4.5.3&#8243; _module_preset=&#8221;default&#8221;][et_pb_column type=&#8221;4_4&#8243; _builder_version=&#8221;4.5.3&#8243; _module_preset=&#8221;default&#8221;][et_pb_video src=&#8221;https:\/\/www.youtube.com\/watch?v=vUicbRE6jvU&#8221; thumbnail_overlay_color=&#8221;rgba(0,0,0,0.6)&#8221; _builder_version=&#8221;4.5.3&#8243; _module_preset=&#8221;default&#8221; src__hover_enabled=&#8221;on|desktop&#8221;][\/et_pb_video][et_pb_divider _builder_version=&#8221;4.5.3&#8243; _module_preset=&#8221;default&#8221; show_divider=&#8221;off&#8221; hover_enabled=&#8221;0&#8243;][\/et_pb_divider][\/et_pb_column][\/et_pb_row][\/et_pb_section][et_pb_section fb_built=&#8221;1&#8243; fullwidth=&#8221;on&#8221; disabled_on=&#8221;on|on|off&#8221; module_id=&#8221; top-slider-11&#8243; _builder_version=&#8221;4.5.3&#8243;][et_pb_fullwidth_slider show_image_video_mobile=&#8221;on&#8221; disabled_on=&#8221;on|on|off&#8221; _builder_version=&#8221;4.5.3&#8243; button_text_size__hover_enabled=&#8221;off&#8221; button_one_text_size__hover_enabled=&#8221;off&#8221; button_two_text_size__hover_enabled=&#8221;off&#8221; button_text_color__hover_enabled=&#8221;off&#8221; button_one_text_color__hover_enabled=&#8221;off&#8221; button_two_text_color__hover_enabled=&#8221;off&#8221; button_border_width__hover_enabled=&#8221;off&#8221; button_one_border_width__hover_enabled=&#8221;off&#8221; button_two_border_width__hover_enabled=&#8221;off&#8221; button_border_color__hover_enabled=&#8221;off&#8221; button_one_border_color__hover_enabled=&#8221;off&#8221; button_two_border_color__hover_enabled=&#8221;off&#8221; button_border_radius__hover_enabled=&#8221;off&#8221; button_one_border_radius__hover_enabled=&#8221;off&#8221; button_two_border_radius__hover_enabled=&#8221;off&#8221; button_letter_spacing__hover_enabled=&#8221;off&#8221; button_one_letter_spacing__hover_enabled=&#8221;off&#8221; button_two_letter_spacing__hover_enabled=&#8221;off&#8221; button_bg_color__hover_enabled=&#8221;off&#8221; button_one_bg_color__hover_enabled=&#8221;off&#8221; button_two_bg_color__hover_enabled=&#8221;off&#8221;][et_pb_slide use_bg_overlay=&#8221;off&#8221; use_text_overlay=&#8221;off&#8221; _builder_version=&#8221;4.5.3&#8243; background_color=&#8221;rgba(255,255,255,0)&#8221; background_image=&#8221;https:\/\/mieldegalicia.org\/2018\/wp-content\/uploads\/2022\/05\/desktop2022.jpg&#8221; background_enable_image=&#8221;on&#8221; background_position=&#8221;bottom_center&#8221; [&hellip;]<\/p>\n","protected":false},"author":1,"featured_media":0,"parent":0,"menu_order":0,"comment_status":"closed","ping_status":"closed","template":"","meta":{"_et_pb_use_builder":"on","_et_pb_old_content":"","_et_gb_content_width":""},"_links":{"self":[{"href":"https:\/\/mieldegalicia.org\/2018\/wp-json\/wp\/v2\/pages\/11"}],"collection":[{"href":"https:\/\/mieldegalicia.org\/2018\/wp-json\/wp\/v2\/pages"}],"about":[{"href":"https:\/\/mieldegalicia.org\/2018\/wp-json\/wp\/v2\/types\/page"}],"author":[{"embeddable":true,"href":"https:\/\/mieldegalicia.org\/2018\/wp-json\/wp\/v2\/users\/1"}],"replies":[{"embeddable":true,"href":"https:\/\/mieldegalicia.org\/2018\/wp-json\/wp\/v2\/comments?post=11"}],"version-history":[{"count":85,"href":"https:\/\/mieldegalicia.org\/2018\/wp-json\/wp\/v2\/pages\/11\/revisions"}],"predecessor-version":[{"id":1182,"href":"https:\/\/mieldegalicia.org\/2018\/wp-json\/wp\/v2\/pages\/11\/revisions\/1182"}],"wp:attachment":[{"href":"https:\/\/mieldegalicia.org\/2018\/wp-json\/wp\/v2\/media?parent=11"}],"curies":[{"name":"wp","href":"https:\/\/api.w.org\/{rel}","templated":true}]}}